{"id":1304,"date":"2024-05-22T17:20:19","date_gmt":"2024-05-22T15:20:19","guid":{"rendered":"https:\/\/mendenazer.org\/dr-sabine-roeser\/"},"modified":"2025-10-15T15:50:59","modified_gmt":"2025-10-15T13:50:59","slug":"dr-sabine-roeser","status":"publish","type":"page","link":"https:\/\/mendenazer.org\/en\/dr-sabine-roeser\/","title":{"rendered":"Dr. Sabine R\u00f6ser"},"content":{"rendered":"<p>[et_pb_section fb_built=&#8221;1&#8243; _builder_version=&#8221;4.25.1&#8243; _module_preset=&#8221;default&#8221; background_color=&#8221;#563E2C&#8221; custom_padding=&#8221;0px||0px||true|false&#8221; sticky_position=&#8221;top&#8221; saved_tabs=&#8221;all&#8221; locked=&#8221;off&#8221; global_colors_info=&#8221;{}&#8221; max_height__sticky_enabled=&#8221;off|desktop&#8221; min_height__sticky_enabled=&#8221;off|sticky&#8221; custom_padding__sticky_enabled=&#8221;on|sticky&#8221; custom_margin__sticky_enabled=&#8221;on|sticky&#8221; custom_margin__sticky=&#8221;0px||0px||true|false&#8221;][et_pb_row _builder_version=&#8221;4.25.1&#8243; _module_preset=&#8221;default&#8221; max_width=&#8221;1472px&#8221; module_alignment=&#8221;center&#8221; global_colors_info=&#8221;{}&#8221; custom_padding__sticky_enabled=&#8221;on|sticky&#8221; custom_padding__sticky=&#8221;0px||0px||true|false&#8221;][et_pb_column type=&#8221;4_4&#8243; _builder_version=&#8221;4.25.1&#8243; _module_preset=&#8221;default&#8221; global_colors_info=&#8221;{}&#8221;][et_pb_menu submenu_direction=&#8221;downwards&#8221; active_link_color=&#8221;#FFFFFF&#8221; dropdown_menu_bg_color=&#8221;#FFFFFF&#8221; dropdown_menu_line_color=&#8221;#563E2C&#8221; dropdown_menu_text_color=&#8221;#563E2C&#8221; dropdown_menu_active_link_color=&#8221;#F9BB20&#8243; mobile_menu_bg_color=&#8221;#563E2C&#8221; mobile_menu_text_color=&#8221;#F9BB20&#8243; logo=&#8221;https:\/\/mendenazer.org\/wp-content\/uploads\/2024\/02\/MNz_Logo_pfade.png&#8221; logo_url=&#8221;@ET-DC@eyJkeW5hbWljIjp0cnVlLCJjb250ZW50IjoicG9zdF9saW5rX3VybF9wYWdlIiwic2V0dGluZ3MiOnsicG9zdF9pZCI6IjEyIiwiZW5hYmxlX2h0bWwiOiJvZmYifX0=@&#8221; logo_width=&#8221;300px&#8221; menu_icon_color=&#8221;#F9BB20&#8243; logo_width_tablet=&#8221;300px&#8221; logo_width_phone=&#8221;250px&#8221; logo_width_last_edited=&#8221;on|desktop&#8221; _builder_version=&#8221;4.25.1&#8243; _dynamic_attributes=&#8221;logo_url&#8221; _module_preset=&#8221;default&#8221; menu_font=&#8221;|600||on|||||&#8221; menu_text_color=&#8221;#FFFFFF&#8221; menu_font_size=&#8221;16px&#8221; background_enable_color=&#8221;off&#8221; global_colors_info=&#8221;{}&#8221; logo_width__sticky_enabled=&#8221;on|desktop&#8221; logo_width__sticky=&#8221;200px&#8221; menu_font_size__sticky_enabled=&#8221;off|desktop&#8221; menu_font_size__sticky=&#8221;13px&#8221; custom_margin__sticky_enabled=&#8221;on|sticky&#8221; custom_margin__sticky=&#8221;0px||0px||true|false&#8221; custom_padding__sticky_enabled=&#8221;on|desktop&#8221; custom_padding__sticky=&#8221;0px||0px||true|false&#8221;][\/et_pb_menu][\/et_pb_column][\/et_pb_row][\/et_pb_section][et_pb_section fb_built=&#8221;1&#8243; _builder_version=&#8221;4.24.0&#8243; _module_preset=&#8221;default&#8221; global_colors_info=&#8221;{}&#8221;][et_pb_row _builder_version=&#8221;4.24.0&#8243; _module_preset=&#8221;default&#8221; global_colors_info=&#8221;{}&#8221;][et_pb_column type=&#8221;4_4&#8243; _builder_version=&#8221;4.24.0&#8243; _module_preset=&#8221;default&#8221; global_colors_info=&#8221;{}&#8221;][et_pb_text _builder_version=&#8221;4.27.4&#8243; _module_preset=&#8221;default&#8221; text_font=&#8221;Fjalla One|700|||||||&#8221; header_font=&#8221;||||||||&#8221; header_font_size=&#8221;65px&#8221; header_2_font=&#8221;|700||on|||||&#8221; header_2_font_size=&#8221;45px&#8221; background_enable_color=&#8221;off&#8221; text_orientation=&#8221;center&#8221; width=&#8221;70%&#8221; width_tablet=&#8221;70%&#8221; width_phone=&#8221;70%&#8221; width_last_edited=&#8221;on|phone&#8221; module_alignment=&#8221;center&#8221; header_2_font_size_tablet=&#8221;50px&#8221; header_2_font_size_phone=&#8221;27px&#8221; header_2_font_size_last_edited=&#8221;on|tablet&#8221; global_colors_info=&#8221;{}&#8221;]<\/p>\n<div class=\"elementor-element elementor-element-73d09a00 elementor-widget elementor-widget-spacer\" data-id=\"73d09a00\" data-element_type=\"widget\" data-widget_type=\"spacer.default\">\n<div class=\"elementor-widget-container\">\n<div class=\"elementor-spacer\">\n<div class=\"elementor-spacer-inner\">\n<div class=\"elementor-widget-container\">\n<div class=\"elementor-element elementor-element-1ed9d01c elementor-widget elementor-widget-heading\" data-id=\"1ed9d01c\" data-element_type=\"widget\" data-widget_type=\"heading.default\">\n<div class=\"elementor-widget-container\">\n<div class=\"elementor-element elementor-element-af90376 elementor-widget elementor-widget-spacer\" data-id=\"af90376\" data-element_type=\"widget\" data-widget_type=\"spacer.default\">\n<div class=\"elementor-widget-container\">\n<div class=\"elementor-spacer\">\n<div class=\"elementor-spacer-inner\">\n<div class=\"elementor-widget-container\">\n<h2 class=\"elementor-heading-title elementor-size-default\">Dr. Sabine R\u00f6ser<\/h2>\n<\/div>\n<\/div>\n<\/div>\n<\/div>\n<\/div>\n<\/div>\n<\/div>\n<\/div>\n<\/div>\n<\/div>\n<\/div>\n<\/div>\n<p>[\/et_pb_text][\/et_pb_column][\/et_pb_row][et_pb_row _builder_version=&#8221;4.24.1&#8243; _module_preset=&#8221;default&#8221; custom_margin=&#8221;0px||||false|false&#8221; global_colors_info=&#8221;{}&#8221;][et_pb_column type=&#8221;4_4&#8243; _builder_version=&#8221;4.24.0&#8243; _module_preset=&#8221;default&#8221; global_colors_info=&#8221;{}&#8221;][et_pb_image src=&#8221;https:\/\/mendenazer.org\/wp-content\/uploads\/2024\/02\/Mende_Nazer_eck_oben.jpg&#8221; title_text=&#8221;Mende_Nazer_eck_oben&#8221; disabled_on=&#8221;on|on|off&#8221; _builder_version=&#8221;4.24.0&#8243; _module_preset=&#8221;default&#8221; custom_margin=&#8221;|||-70px|false|false&#8221; global_colors_info=&#8221;{}&#8221;][\/et_pb_image][\/et_pb_column][\/et_pb_row][et_pb_row column_structure=&#8221;2_5,3_5&#8243; _builder_version=&#8221;4.24.1&#8243; _module_preset=&#8221;default&#8221; custom_margin=&#8221;0px||||false|false&#8221; custom_margin_tablet=&#8221;-50px||||false|false&#8221; custom_margin_phone=&#8221;-100px||||false|false&#8221; custom_margin_last_edited=&#8221;on|phone&#8221; global_colors_info=&#8221;{}&#8221;][et_pb_column type=&#8221;2_5&#8243; _builder_version=&#8221;4.24.1&#8243; _module_preset=&#8221;default&#8221; global_colors_info=&#8221;{}&#8221;][et_pb_image src=&#8221;https:\/\/mendenazer.org\/wp-content\/uploads\/2025\/10\/Mende_Nazer_Dr_Sabine_Roeser_2-1.jpg&#8221; title_text=&#8221;Mende_Nazer_Dr_Sabine_Roeser_2&#8243; _builder_version=&#8221;4.27.4&#8243; _module_preset=&#8221;default&#8221; global_colors_info=&#8221;{}&#8221;][\/et_pb_image][\/et_pb_column][et_pb_column type=&#8221;3_5&#8243; _builder_version=&#8221;4.24.1&#8243; _module_preset=&#8221;default&#8221; global_colors_info=&#8221;{}&#8221;][et_pb_text _builder_version=&#8221;4.27.4&#8243; _module_preset=&#8221;default&#8221; text_font=&#8221;Josefin Sans|300|||||||&#8221; text_text_color=&#8221;#1e1f1f&#8221; text_font_size=&#8221;17px&#8221; global_colors_info=&#8221;{}&#8221;]<\/p>\n<div class=\"elementor-element elementor-element-51593b13 elementor-widget elementor-widget-text-editor\" data-id=\"51593b13\" data-element_type=\"widget\" data-widget_type=\"text-editor.default\">\n<div class=\"elementor-widget-container\">\n<div id=\"block-block-24\" class=\"block block-block\">\n<div class=\"content\">\n<div class=\"elementor-element elementor-element-624cdbc1 elementor-widget elementor-widget-text-editor\" data-id=\"624cdbc1\" data-element_type=\"widget\" data-widget_type=\"text-editor.default\">\n<div class=\"elementor-widget-container\">\n<div id=\"block-block-24\" class=\"block block-block\">\n<div class=\"content\">\n<div class=\"elementor-element elementor-element-5cf54f7d elementor-widget elementor-widget-text-editor\" data-id=\"5cf54f7d\" data-element_type=\"widget\" data-widget_type=\"text-editor.default\">\n<div class=\"elementor-widget-container\">\n<div id=\"block-block-24\" class=\"block block-block\">\n<div class=\"content\">\n<div id=\"block-block-113\" class=\"block block-block\">\n<div class=\"content\">\n<div id=\"block-block-112\" class=\"block block-block\">\n<div class=\"content\">\n<div class=\"elementor-element elementor-element-7ceaade2 elementor-widget elementor-widget-text-editor\" data-id=\"7ceaade2\" data-element_type=\"widget\" data-widget_type=\"text-editor.default\">\n<div class=\"elementor-widget-container\">\n<div id=\"block-block-24\" class=\"block block-block\">\n<div class=\"content\">\n<div class=\"elementor-element elementor-element-1ff701a5 elementor-widget elementor-widget-text-editor\" data-id=\"1ff701a5\" data-element_type=\"widget\" data-widget_type=\"text-editor.default\">\n<div class=\"elementor-widget-container\">\n<div id=\"block-block-24\" class=\"block block-block\">\n<div class=\"content\">\n<div class=\"content\">\n<div class=\"content\">\n<div class=\"content\">\n<p data-start=\"0\" data-end=\"224\">Dr. Sabine R\u00f6ser is one of the founding members of the Mende Nazer Foundation. After reading Mende\u2019s book <em data-start=\"106\" data-end=\"115\">\u201cSlave\u201d<\/em>, she immediately offered her support when Tom H\u00f8yem informed her about the plan to establish a foundation.<\/p>\n<p data-start=\"226\" data-end=\"622\">Together with her two brothers and her sister, Dr. R\u00f6ser served as Managing Director of the family-run R\u00f6ser Publishing House (specializing in online marketing, telecommunications services, senior products, and more) in Karlsruhe, Germany, until her retirement. She was also actively involved with the Karlsruhe Chamber of Industry and Commerce and the Karlsruhe University of Applied Sciences.<\/p>\n<p data-start=\"624\" data-end=\"874\" data-is-last-node=\"\" data-is-only-node=\"\">Dr. Sabine R\u00f6ser is married to a Chinese national whose work requires frequent travel between China and Germany to connect people and markets. As Dr. R\u00f6ser speaks Chinese, she often accompanies her husband on his trips. The couple has two adult sons.<\/p>\n<\/div>\n<\/div>\n<\/div>\n<\/div>\n<\/div>\n<\/div>\n<\/div>\n<\/div>\n<\/div>\n<\/div>\n<\/div>\n<\/div>\n<\/div>\n<\/div>\n<\/div>\n<\/div>\n<\/div>\n<\/div>\n<\/div>\n<\/div>\n<\/div>\n<\/div>\n<\/div>\n<\/div>\n<\/div>\n<\/div>\n<\/div>\n<p>[\/et_pb_text][\/et_pb_column][\/et_pb_row][et_pb_row _builder_version=&#8221;4.24.1&#8243; _module_preset=&#8221;default&#8221; global_colors_info=&#8221;{}&#8221;][et_pb_column type=&#8221;4_4&#8243; _builder_version=&#8221;4.24.1&#8243; _module_preset=&#8221;default&#8221; global_colors_info=&#8221;{}&#8221;][et_pb_image src=&#8221;https:\/\/mendenazer.org\/wp-content\/uploads\/2024\/02\/Mende_Nazer_eck_unten.jpg&#8221; title_text=&#8221;Mende_Nazer_eck_unten&#8221; align=&#8221;right&#8221; disabled_on=&#8221;on|on|off&#8221; _builder_version=&#8221;4.24.1&#8243; _module_preset=&#8221;default&#8221; custom_margin=&#8221;|-70px|||false|false&#8221; custom_padding=&#8221;|0px||||&#8221; global_colors_info=&#8221;{}&#8221;][\/et_pb_image][et_pb_button button_url=&#8221;https:\/\/mendenazer.org\/en\/#team_en&#8221; button_text=&#8221;Back&#8221; _builder_version=&#8221;4.27.4&#8243; _module_preset=&#8221;default&#8221; custom_button=&#8221;on&#8221; button_text_color=&#8221;#563E2C&#8221; button_border_color=&#8221;#563E2C&#8221; button_font=&#8221;Josefin Sans||||||||&#8221; button_icon=&#8221;&#x23;||divi||400&#8243; hover_enabled=&#8221;0&#8243; global_colors_info=&#8221;{}&#8221; button_bg_color__hover_enabled=&#8221;on|hover&#8221; button_bg_color__hover=&#8221;#563E2C&#8221; button_bg_enable_color__hover=&#8221;on&#8221; button_text_color__hover_enabled=&#8221;on|hover&#8221; button_text_color__hover=&#8221;#FFFFFF&#8221; button_bg_color=&#8221;RGBA(255,255,255,0)&#8221; button_bg_enable_color=&#8221;on&#8221; sticky_enabled=&#8221;0&#8243;][\/et_pb_button][\/et_pb_column][\/et_pb_row][\/et_pb_section]<\/p>\n","protected":false},"excerpt":{"rendered":"<p>Dr. Sabine R\u00f6ser Dr. Sabine R\u00f6ser is one of the founding members of the Mende Nazer Foundation. After reading Mende\u2019s book \u201cSlave\u201d, she immediately offered her support when Tom H\u00f8yem informed her about the plan to establish a foundation. Together with her two brothers and her sister, Dr. R\u00f6ser served as Managing Director of the [&hellip;]<\/p>\n","protected":false},"author":1,"featured_media":0,"parent":0,"menu_order":0,"comment_status":"closed","ping_status":"closed","template":"","meta":{"give_campaign_id":0,"_et_pb_use_builder":"on","_et_pb_old_content":"","_et_gb_content_width":"","footnotes":""},"dipi_cpt_category":[],"class_list":["post-1304","page","type-page","status-publish","hentry"],"yoast_head":"<!-- This site is optimized with the Yoast SEO plugin v27.0 - https:\/\/yoast.com\/product\/yoast-seo-wordpress\/ -->\n<title>Dr. Sabine R\u00f6ser - Mende Nazer Foundation<\/title>\n<meta name=\"robots\" content=\"index, follow, max-snippet:-1, max-image-preview:large, max-video-preview:-1\" \/>\n<link rel=\"canonical\" href=\"https:\/\/mendenazer.org\/en\/dr-sabine-roeser\/\" \/>\n<meta property=\"og:locale\" content=\"en_US\" \/>\n<meta property=\"og:type\" content=\"article\" \/>\n<meta property=\"og:title\" content=\"Dr. Sabine R\u00f6ser - Mende Nazer Foundation\" \/>\n<meta property=\"og:description\" content=\"Dr. Sabine R\u00f6ser Dr. Sabine R\u00f6ser is one of the founding members of the Mende Nazer Foundation. After reading Mende\u2019s book \u201cSlave\u201d, she immediately offered her support when Tom H\u00f8yem informed her about the plan to establish a foundation. Together with her two brothers and her sister, Dr. R\u00f6ser served as Managing Director of the [&hellip;]\" \/>\n<meta property=\"og:url\" content=\"https:\/\/mendenazer.org\/en\/dr-sabine-roeser\/\" \/>\n<meta property=\"og:site_name\" content=\"Mende Nazer Foundation\" \/>\n<meta property=\"article:modified_time\" content=\"2025-10-15T13:50:59+00:00\" \/>\n<meta name=\"twitter:card\" content=\"summary_large_image\" \/>\n<meta name=\"twitter:label1\" content=\"Est. reading time\" \/>\n\t<meta name=\"twitter:data1\" content=\"5 minutes\" \/>\n<script type=\"application\/ld+json\" class=\"yoast-schema-graph\">{\"@context\":\"https:\/\/schema.org\",\"@graph\":[{\"@type\":\"WebPage\",\"@id\":\"https:\/\/mendenazer.org\/en\/dr-sabine-roeser\/\",\"url\":\"https:\/\/mendenazer.org\/en\/dr-sabine-roeser\/\",\"name\":\"Dr. Sabine R\u00f6ser - Mende Nazer Foundation\",\"isPartOf\":{\"@id\":\"https:\/\/mendenazer.org\/en\/#website\"},\"datePublished\":\"2024-05-22T15:20:19+00:00\",\"dateModified\":\"2025-10-15T13:50:59+00:00\",\"breadcrumb\":{\"@id\":\"https:\/\/mendenazer.org\/en\/dr-sabine-roeser\/#breadcrumb\"},\"inLanguage\":\"en-US\",\"potentialAction\":[{\"@type\":\"ReadAction\",\"target\":[\"https:\/\/mendenazer.org\/en\/dr-sabine-roeser\/\"]}]},{\"@type\":\"BreadcrumbList\",\"@id\":\"https:\/\/mendenazer.org\/en\/dr-sabine-roeser\/#breadcrumb\",\"itemListElement\":[{\"@type\":\"ListItem\",\"position\":1,\"name\":\"Startseite\",\"item\":\"https:\/\/mendenazer.org\/en\/\"},{\"@type\":\"ListItem\",\"position\":2,\"name\":\"Dr. Sabine R\u00f6ser\"}]},{\"@type\":\"WebSite\",\"@id\":\"https:\/\/mendenazer.org\/en\/#website\",\"url\":\"https:\/\/mendenazer.org\/en\/\",\"name\":\"Mende Nazer Foundation\",\"description\":\"\",\"publisher\":{\"@id\":\"https:\/\/mendenazer.org\/en\/#organization\"},\"potentialAction\":[{\"@type\":\"SearchAction\",\"target\":{\"@type\":\"EntryPoint\",\"urlTemplate\":\"https:\/\/mendenazer.org\/en\/?s={search_term_string}\"},\"query-input\":{\"@type\":\"PropertyValueSpecification\",\"valueRequired\":true,\"valueName\":\"search_term_string\"}}],\"inLanguage\":\"en-US\"},{\"@type\":\"Organization\",\"@id\":\"https:\/\/mendenazer.org\/en\/#organization\",\"name\":\"Mende Nazer Foundation\",\"url\":\"https:\/\/mendenazer.org\/en\/\",\"logo\":{\"@type\":\"ImageObject\",\"inLanguage\":\"en-US\",\"@id\":\"https:\/\/mendenazer.org\/en\/#\/schema\/logo\/image\/\",\"url\":\"https:\/\/mendenazer.org\/wp-content\/uploads\/2024\/02\/MNz_Logo_pfade.png\",\"contentUrl\":\"https:\/\/mendenazer.org\/wp-content\/uploads\/2024\/02\/MNz_Logo_pfade.png\",\"width\":1043,\"height\":292,\"caption\":\"Mende Nazer Foundation\"},\"image\":{\"@id\":\"https:\/\/mendenazer.org\/en\/#\/schema\/logo\/image\/\"}}]}<\/script>\n<!-- \/ Yoast SEO plugin. -->","yoast_head_json":{"title":"Dr. Sabine R\u00f6ser - Mende Nazer Foundation","robots":{"index":"index","follow":"follow","max-snippet":"max-snippet:-1","max-image-preview":"max-image-preview:large","max-video-preview":"max-video-preview:-1"},"canonical":"https:\/\/mendenazer.org\/en\/dr-sabine-roeser\/","og_locale":"en_US","og_type":"article","og_title":"Dr. Sabine R\u00f6ser - Mende Nazer Foundation","og_description":"Dr. Sabine R\u00f6ser Dr. Sabine R\u00f6ser is one of the founding members of the Mende Nazer Foundation. After reading Mende\u2019s book \u201cSlave\u201d, she immediately offered her support when Tom H\u00f8yem informed her about the plan to establish a foundation. Together with her two brothers and her sister, Dr. R\u00f6ser served as Managing Director of the [&hellip;]","og_url":"https:\/\/mendenazer.org\/en\/dr-sabine-roeser\/","og_site_name":"Mende Nazer Foundation","article_modified_time":"2025-10-15T13:50:59+00:00","twitter_card":"summary_large_image","twitter_misc":{"Est. reading time":"5 minutes"},"schema":{"@context":"https:\/\/schema.org","@graph":[{"@type":"WebPage","@id":"https:\/\/mendenazer.org\/en\/dr-sabine-roeser\/","url":"https:\/\/mendenazer.org\/en\/dr-sabine-roeser\/","name":"Dr. Sabine R\u00f6ser - Mende Nazer Foundation","isPartOf":{"@id":"https:\/\/mendenazer.org\/en\/#website"},"datePublished":"2024-05-22T15:20:19+00:00","dateModified":"2025-10-15T13:50:59+00:00","breadcrumb":{"@id":"https:\/\/mendenazer.org\/en\/dr-sabine-roeser\/#breadcrumb"},"inLanguage":"en-US","potentialAction":[{"@type":"ReadAction","target":["https:\/\/mendenazer.org\/en\/dr-sabine-roeser\/"]}]},{"@type":"BreadcrumbList","@id":"https:\/\/mendenazer.org\/en\/dr-sabine-roeser\/#breadcrumb","itemListElement":[{"@type":"ListItem","position":1,"name":"Startseite","item":"https:\/\/mendenazer.org\/en\/"},{"@type":"ListItem","position":2,"name":"Dr. Sabine R\u00f6ser"}]},{"@type":"WebSite","@id":"https:\/\/mendenazer.org\/en\/#website","url":"https:\/\/mendenazer.org\/en\/","name":"Mende Nazer Foundation","description":"","publisher":{"@id":"https:\/\/mendenazer.org\/en\/#organization"},"potentialAction":[{"@type":"SearchAction","target":{"@type":"EntryPoint","urlTemplate":"https:\/\/mendenazer.org\/en\/?s={search_term_string}"},"query-input":{"@type":"PropertyValueSpecification","valueRequired":true,"valueName":"search_term_string"}}],"inLanguage":"en-US"},{"@type":"Organization","@id":"https:\/\/mendenazer.org\/en\/#organization","name":"Mende Nazer Foundation","url":"https:\/\/mendenazer.org\/en\/","logo":{"@type":"ImageObject","inLanguage":"en-US","@id":"https:\/\/mendenazer.org\/en\/#\/schema\/logo\/image\/","url":"https:\/\/mendenazer.org\/wp-content\/uploads\/2024\/02\/MNz_Logo_pfade.png","contentUrl":"https:\/\/mendenazer.org\/wp-content\/uploads\/2024\/02\/MNz_Logo_pfade.png","width":1043,"height":292,"caption":"Mende Nazer Foundation"},"image":{"@id":"https:\/\/mendenazer.org\/en\/#\/schema\/logo\/image\/"}}]}},"campaignId":"","_links":{"self":[{"href":"https:\/\/mendenazer.org\/en\/wp-json\/wp\/v2\/pages\/1304","targetHints":{"allow":["GET"]}}],"collection":[{"href":"https:\/\/mendenazer.org\/en\/wp-json\/wp\/v2\/pages"}],"about":[{"href":"https:\/\/mendenazer.org\/en\/wp-json\/wp\/v2\/types\/page"}],"author":[{"embeddable":true,"href":"https:\/\/mendenazer.org\/en\/wp-json\/wp\/v2\/users\/1"}],"replies":[{"embeddable":true,"href":"https:\/\/mendenazer.org\/en\/wp-json\/wp\/v2\/comments?post=1304"}],"version-history":[{"count":8,"href":"https:\/\/mendenazer.org\/en\/wp-json\/wp\/v2\/pages\/1304\/revisions"}],"predecessor-version":[{"id":27564017,"href":"https:\/\/mendenazer.org\/en\/wp-json\/wp\/v2\/pages\/1304\/revisions\/27564017"}],"wp:attachment":[{"href":"https:\/\/mendenazer.org\/en\/wp-json\/wp\/v2\/media?parent=1304"}],"wp:term":[{"taxonomy":"dipi_cpt_category","embeddable":true,"href":"https:\/\/mendenazer.org\/en\/wp-json\/wp\/v2\/dipi_cpt_category?post=1304"}],"curies":[{"name":"wp","href":"https:\/\/api.w.org\/{rel}","templated":true}]}}