{"id":1313,"date":"2024-05-22T17:13:38","date_gmt":"2024-05-22T15:13:38","guid":{"rendered":"https:\/\/mendenazer.org\/tom-hoeyem\/"},"modified":"2025-10-15T14:34:02","modified_gmt":"2025-10-15T12:34:02","slug":"tom-hoeyem","status":"publish","type":"page","link":"https:\/\/mendenazer.org\/en\/tom-hoeyem\/","title":{"rendered":"Tom H\u00f8yem"},"content":{"rendered":"<p>[et_pb_section fb_built=&#8221;1&#8243; _builder_version=&#8221;4.25.1&#8243; _module_preset=&#8221;default&#8221; background_color=&#8221;#563E2C&#8221; custom_padding=&#8221;0px||0px||true|false&#8221; sticky_position=&#8221;top&#8221; saved_tabs=&#8221;all&#8221; locked=&#8221;off&#8221; global_colors_info=&#8221;{}&#8221; max_height__sticky_enabled=&#8221;off|desktop&#8221; min_height__sticky_enabled=&#8221;off|sticky&#8221; custom_padding__sticky_enabled=&#8221;on|sticky&#8221; custom_margin__sticky_enabled=&#8221;on|sticky&#8221; custom_margin__sticky=&#8221;0px||0px||true|false&#8221;][et_pb_row _builder_version=&#8221;4.25.1&#8243; _module_preset=&#8221;default&#8221; max_width=&#8221;1472px&#8221; module_alignment=&#8221;center&#8221; global_colors_info=&#8221;{}&#8221; custom_padding__sticky_enabled=&#8221;on|sticky&#8221; custom_padding__sticky=&#8221;0px||0px||true|false&#8221;][et_pb_column type=&#8221;4_4&#8243; _builder_version=&#8221;4.25.1&#8243; _module_preset=&#8221;default&#8221; global_colors_info=&#8221;{}&#8221;][et_pb_menu submenu_direction=&#8221;downwards&#8221; active_link_color=&#8221;#FFFFFF&#8221; dropdown_menu_bg_color=&#8221;#FFFFFF&#8221; dropdown_menu_line_color=&#8221;#563E2C&#8221; dropdown_menu_text_color=&#8221;#563E2C&#8221; dropdown_menu_active_link_color=&#8221;#F9BB20&#8243; mobile_menu_bg_color=&#8221;#563E2C&#8221; mobile_menu_text_color=&#8221;#F9BB20&#8243; logo=&#8221;https:\/\/mendenazer.org\/wp-content\/uploads\/2024\/02\/MNz_Logo_pfade.png&#8221; logo_url=&#8221;@ET-DC@eyJkeW5hbWljIjp0cnVlLCJjb250ZW50IjoicG9zdF9saW5rX3VybF9wYWdlIiwic2V0dGluZ3MiOnsicG9zdF9pZCI6IjEyIiwiZW5hYmxlX2h0bWwiOiJvZmYifX0=@&#8221; logo_width=&#8221;300px&#8221; menu_icon_color=&#8221;#F9BB20&#8243; logo_width_tablet=&#8221;300px&#8221; logo_width_phone=&#8221;250px&#8221; logo_width_last_edited=&#8221;on|desktop&#8221; _builder_version=&#8221;4.25.1&#8243; _dynamic_attributes=&#8221;logo_url&#8221; _module_preset=&#8221;default&#8221; menu_font=&#8221;|600||on|||||&#8221; menu_text_color=&#8221;#FFFFFF&#8221; menu_font_size=&#8221;16px&#8221; background_enable_color=&#8221;off&#8221; global_colors_info=&#8221;{}&#8221; logo_width__sticky_enabled=&#8221;on|desktop&#8221; logo_width__sticky=&#8221;200px&#8221; menu_font_size__sticky_enabled=&#8221;off|desktop&#8221; menu_font_size__sticky=&#8221;13px&#8221; custom_margin__sticky_enabled=&#8221;on|sticky&#8221; custom_margin__sticky=&#8221;0px||0px||true|false&#8221; custom_padding__sticky_enabled=&#8221;on|desktop&#8221; custom_padding__sticky=&#8221;0px||0px||true|false&#8221;][\/et_pb_menu][\/et_pb_column][\/et_pb_row][\/et_pb_section][et_pb_section fb_built=&#8221;1&#8243; _builder_version=&#8221;4.24.0&#8243; _module_preset=&#8221;default&#8221; global_colors_info=&#8221;{}&#8221;][et_pb_row _builder_version=&#8221;4.24.0&#8243; _module_preset=&#8221;default&#8221; global_colors_info=&#8221;{}&#8221;][et_pb_column type=&#8221;4_4&#8243; _builder_version=&#8221;4.24.0&#8243; _module_preset=&#8221;default&#8221; global_colors_info=&#8221;{}&#8221;][et_pb_text _builder_version=&#8221;4.27.4&#8243; _module_preset=&#8221;default&#8221; text_font=&#8221;Fjalla One|700|||||||&#8221; header_font=&#8221;||||||||&#8221; header_font_size=&#8221;65px&#8221; header_2_font=&#8221;|700||on|||||&#8221; header_2_font_size=&#8221;45px&#8221; background_enable_color=&#8221;off&#8221; text_orientation=&#8221;center&#8221; width=&#8221;70%&#8221; width_tablet=&#8221;70%&#8221; width_phone=&#8221;70%&#8221; width_last_edited=&#8221;on|phone&#8221; module_alignment=&#8221;center&#8221; header_2_font_size_tablet=&#8221;50px&#8221; header_2_font_size_phone=&#8221;27px&#8221; header_2_font_size_last_edited=&#8221;on|tablet&#8221; global_colors_info=&#8221;{}&#8221;]<\/p>\n<div class=\"elementor-element elementor-element-73d09a00 elementor-widget elementor-widget-spacer\" data-id=\"73d09a00\" data-element_type=\"widget\" data-widget_type=\"spacer.default\">\n<div class=\"elementor-widget-container\">\n<div class=\"elementor-spacer\">\n<div class=\"elementor-spacer-inner\">\n<div class=\"elementor-widget-container\">\n<h2 class=\"elementor-heading-title elementor-size-default\">Tom H\u00f8yem<\/h2>\n<\/div>\n<\/div>\n<\/div>\n<\/div>\n<\/div>\n<p>[\/et_pb_text][\/et_pb_column][\/et_pb_row][et_pb_row _builder_version=&#8221;4.24.1&#8243; _module_preset=&#8221;default&#8221; custom_margin=&#8221;0px||||false|false&#8221; global_colors_info=&#8221;{}&#8221;][et_pb_column type=&#8221;4_4&#8243; _builder_version=&#8221;4.24.0&#8243; _module_preset=&#8221;default&#8221; global_colors_info=&#8221;{}&#8221;][et_pb_image src=&#8221;https:\/\/mendenazer.org\/wp-content\/uploads\/2024\/02\/Mende_Nazer_eck_oben.jpg&#8221; title_text=&#8221;Mende_Nazer_eck_oben&#8221; disabled_on=&#8221;on|on|off&#8221; _builder_version=&#8221;4.24.0&#8243; _module_preset=&#8221;default&#8221; custom_margin=&#8221;|||-70px|false|false&#8221; global_colors_info=&#8221;{}&#8221;][\/et_pb_image][\/et_pb_column][\/et_pb_row][et_pb_row column_structure=&#8221;2_5,3_5&#8243; _builder_version=&#8221;4.24.1&#8243; _module_preset=&#8221;default&#8221; custom_margin=&#8221;0px||||false|false&#8221; custom_margin_tablet=&#8221;-50px||||false|false&#8221; custom_margin_phone=&#8221;-100px||||false|false&#8221; custom_margin_last_edited=&#8221;on|phone&#8221; global_colors_info=&#8221;{}&#8221;][et_pb_column type=&#8221;2_5&#8243; _builder_version=&#8221;4.24.1&#8243; _module_preset=&#8221;default&#8221; global_colors_info=&#8221;{}&#8221;][et_pb_image src=&#8221;https:\/\/mendenazer.org\/wp-content\/uploads\/2025\/10\/Mende_Nazer_Tom_Hoyem.jpg&#8221; title_text=&#8221;Mende_Nazer_Tom_Hoyem&#8221; _builder_version=&#8221;4.27.4&#8243; _module_preset=&#8221;default&#8221; global_colors_info=&#8221;{}&#8221;][\/et_pb_image][\/et_pb_column][et_pb_column type=&#8221;3_5&#8243; _builder_version=&#8221;4.24.1&#8243; _module_preset=&#8221;default&#8221; global_colors_info=&#8221;{}&#8221;][et_pb_text _builder_version=&#8221;4.27.4&#8243; _module_preset=&#8221;default&#8221; text_font=&#8221;Josefin Sans|300|||||||&#8221; text_text_color=&#8221;#1e1f1f&#8221; text_font_size=&#8221;17px&#8221; global_colors_info=&#8221;{}&#8221;]<\/p>\n<div class=\"elementor-element elementor-element-51593b13 elementor-widget elementor-widget-text-editor\" data-id=\"51593b13\" data-element_type=\"widget\" data-widget_type=\"text-editor.default\">\n<div class=\"elementor-widget-container\">\n<div id=\"block-block-24\" class=\"block block-block\">\n<div class=\"content\">\n<div class=\"elementor-element elementor-element-624cdbc1 elementor-widget elementor-widget-text-editor\" data-id=\"624cdbc1\" data-element_type=\"widget\" data-widget_type=\"text-editor.default\">\n<div class=\"elementor-widget-container\">\n<div id=\"block-block-24\" class=\"block block-block\">\n<div class=\"content\">\n<p>Tom H\u00f8yem was chairman and also the driving force behind the Mende Nazer Foundation. Thanks to his initial efforts and the goodwill Mende received through his support, the foundation was launched in July 2009. Even as Tom takes his first steps towards retirement, he has decided to pass the torch to Janan Sutherland to support him as the new Chairman.<\/p>\n<p>Tom H\u00f8yem was born on 10th October 1941. For 5 years, from 1982 to 1987, he was Minister for Greenland within the Danish government. On 14th September 1984, he was awarded the Order of the Dannebrog for special services to the loyal servants of the Danish state.<\/p>\n<p>Tom H\u00f8yem has served as an independent election observer for the OSCE on behalf of the Danish government in Albania, Bosnia, Montenegro, Ukraine, Palestine and the Democratic Republic of Congo.<\/p>\n<p>Tom H\u00f8yem now lives with his wife in Karlsruhe, Germany, where he is the director of the European School. Prior to this time, he was the Director of 2 other European Schools: Munich, Germany and Oxford, UK.<\/p>\n<p>In 1994, he joined the liberal Free Democratic Party (FDP) and was elected to the municipal council of the city of Karlsruhe in 2004.<\/p>\n<p>Tom H\u00f8yem is also an author and journalist and has already published 9 books.<\/p>\n<\/div>\n<\/div>\n<\/div>\n<\/div>\n<\/div>\n<\/div>\n<\/div>\n<\/div>\n<p>[\/et_pb_text][\/et_pb_column][\/et_pb_row][et_pb_row _builder_version=&#8221;4.24.1&#8243; _module_preset=&#8221;default&#8221; global_colors_info=&#8221;{}&#8221;][et_pb_column type=&#8221;4_4&#8243; _builder_version=&#8221;4.24.1&#8243; _module_preset=&#8221;default&#8221; global_colors_info=&#8221;{}&#8221;][et_pb_image src=&#8221;https:\/\/mendenazer.org\/wp-content\/uploads\/2024\/02\/Mende_Nazer_eck_unten.jpg&#8221; title_text=&#8221;Mende_Nazer_eck_unten&#8221; align=&#8221;right&#8221; disabled_on=&#8221;on|on|off&#8221; _builder_version=&#8221;4.24.1&#8243; _module_preset=&#8221;default&#8221; custom_margin=&#8221;|-70px|||false|false&#8221; custom_padding=&#8221;|0px||||&#8221; global_colors_info=&#8221;{}&#8221;][\/et_pb_image][et_pb_button button_url=&#8221;https:\/\/mendenazer.org\/en\/#team_en&#8221; button_text=&#8221;Back&#8221; button_alignment=&#8221;left&#8221; _builder_version=&#8221;4.27.4&#8243; _module_preset=&#8221;default&#8221; custom_button=&#8221;on&#8221; button_text_color=&#8221;#563E2C&#8221; button_font=&#8221;Josefin Sans||||||||&#8221; button_icon=&#8221;&#x23;||divi||400&#8243; hover_enabled=&#8221;0&#8243; button_text_color_last_edited=&#8221;off|desktop&#8221; global_colors_info=&#8221;{}&#8221; button_text_color__hover_enabled=&#8221;on|hover&#8221; button_text_color__hover=&#8221;#FFFFFF&#8221; button_bg_color__hover_enabled=&#8221;on|desktop&#8221; button_bg_color__hover=&#8221;#563E2C&#8221; button_bg_enable_color__hover=&#8221;on&#8221; sticky_enabled=&#8221;0&#8243;][\/et_pb_button][\/et_pb_column][\/et_pb_row][\/et_pb_section]<\/p>\n","protected":false},"excerpt":{"rendered":"<p>Tom H\u00f8yem Tom H\u00f8yem was chairman and also the driving force behind the Mende Nazer Foundation. Thanks to his initial efforts and the goodwill Mende received through his support, the foundation was launched in July 2009. Even as Tom takes his first steps towards retirement, he has decided to pass the torch to Janan Sutherland [&hellip;]<\/p>\n","protected":false},"author":1,"featured_media":0,"parent":0,"menu_order":0,"comment_status":"closed","ping_status":"closed","template":"","meta":{"give_campaign_id":0,"_et_pb_use_builder":"on","_et_pb_old_content":"","_et_gb_content_width":"","footnotes":""},"dipi_cpt_category":[],"class_list":["post-1313","page","type-page","status-publish","hentry"],"yoast_head":"<!-- This site is optimized with the Yoast SEO plugin v27.0 - https:\/\/yoast.com\/product\/yoast-seo-wordpress\/ -->\n<title>Tom H\u00f8yem - Mende Nazer Foundation<\/title>\n<meta name=\"robots\" content=\"index, follow, max-snippet:-1, max-image-preview:large, max-video-preview:-1\" \/>\n<link rel=\"canonical\" href=\"https:\/\/mendenazer.org\/tom-hoyem\/\" \/>\n<meta property=\"og:locale\" content=\"en_US\" \/>\n<meta property=\"og:type\" content=\"article\" \/>\n<meta property=\"og:title\" content=\"Tom H\u00f8yem - Mende Nazer Foundation\" \/>\n<meta property=\"og:description\" content=\"Tom H\u00f8yem Tom H\u00f8yem was chairman and also the driving force behind the Mende Nazer Foundation. Thanks to his initial efforts and the goodwill Mende received through his support, the foundation was launched in July 2009. Even as Tom takes his first steps towards retirement, he has decided to pass the torch to Janan Sutherland [&hellip;]\" \/>\n<meta property=\"og:url\" content=\"https:\/\/mendenazer.org\/tom-hoyem\/\" \/>\n<meta property=\"og:site_name\" content=\"Mende Nazer Foundation\" \/>\n<meta property=\"article:modified_time\" content=\"2025-10-15T12:34:02+00:00\" \/>\n<meta name=\"twitter:card\" content=\"summary_large_image\" \/>\n<meta name=\"twitter:label1\" content=\"Est. reading time\" \/>\n\t<meta name=\"twitter:data1\" content=\"5 minutes\" \/>\n<script type=\"application\/ld+json\" class=\"yoast-schema-graph\">{\"@context\":\"https:\/\/schema.org\",\"@graph\":[{\"@type\":\"WebPage\",\"@id\":\"https:\/\/mendenazer.org\/tom-hoyem\/\",\"url\":\"https:\/\/mendenazer.org\/tom-hoyem\/\",\"name\":\"Tom H\u00f8yem - Mende Nazer Foundation\",\"isPartOf\":{\"@id\":\"https:\/\/mendenazer.org\/en\/#website\"},\"datePublished\":\"2024-05-22T15:13:38+00:00\",\"dateModified\":\"2025-10-15T12:34:02+00:00\",\"breadcrumb\":{\"@id\":\"https:\/\/mendenazer.org\/tom-hoyem\/#breadcrumb\"},\"inLanguage\":\"en-US\",\"potentialAction\":[{\"@type\":\"ReadAction\",\"target\":[\"https:\/\/mendenazer.org\/tom-hoyem\/\"]}]},{\"@type\":\"BreadcrumbList\",\"@id\":\"https:\/\/mendenazer.org\/tom-hoyem\/#breadcrumb\",\"itemListElement\":[{\"@type\":\"ListItem\",\"position\":1,\"name\":\"Startseite\",\"item\":\"https:\/\/mendenazer.org\/en\/\"},{\"@type\":\"ListItem\",\"position\":2,\"name\":\"Tom H\u00f8yem\"}]},{\"@type\":\"WebSite\",\"@id\":\"https:\/\/mendenazer.org\/en\/#website\",\"url\":\"https:\/\/mendenazer.org\/en\/\",\"name\":\"Mende Nazer Foundation\",\"description\":\"\",\"publisher\":{\"@id\":\"https:\/\/mendenazer.org\/en\/#organization\"},\"potentialAction\":[{\"@type\":\"SearchAction\",\"target\":{\"@type\":\"EntryPoint\",\"urlTemplate\":\"https:\/\/mendenazer.org\/en\/?s={search_term_string}\"},\"query-input\":{\"@type\":\"PropertyValueSpecification\",\"valueRequired\":true,\"valueName\":\"search_term_string\"}}],\"inLanguage\":\"en-US\"},{\"@type\":\"Organization\",\"@id\":\"https:\/\/mendenazer.org\/en\/#organization\",\"name\":\"Mende Nazer Foundation\",\"url\":\"https:\/\/mendenazer.org\/en\/\",\"logo\":{\"@type\":\"ImageObject\",\"inLanguage\":\"en-US\",\"@id\":\"https:\/\/mendenazer.org\/en\/#\/schema\/logo\/image\/\",\"url\":\"https:\/\/mendenazer.org\/wp-content\/uploads\/2024\/02\/MNz_Logo_pfade.png\",\"contentUrl\":\"https:\/\/mendenazer.org\/wp-content\/uploads\/2024\/02\/MNz_Logo_pfade.png\",\"width\":1043,\"height\":292,\"caption\":\"Mende Nazer Foundation\"},\"image\":{\"@id\":\"https:\/\/mendenazer.org\/en\/#\/schema\/logo\/image\/\"}}]}<\/script>\n<!-- \/ Yoast SEO plugin. -->","yoast_head_json":{"title":"Tom H\u00f8yem - Mende Nazer Foundation","robots":{"index":"index","follow":"follow","max-snippet":"max-snippet:-1","max-image-preview":"max-image-preview:large","max-video-preview":"max-video-preview:-1"},"canonical":"https:\/\/mendenazer.org\/tom-hoyem\/","og_locale":"en_US","og_type":"article","og_title":"Tom H\u00f8yem - Mende Nazer Foundation","og_description":"Tom H\u00f8yem Tom H\u00f8yem was chairman and also the driving force behind the Mende Nazer Foundation. Thanks to his initial efforts and the goodwill Mende received through his support, the foundation was launched in July 2009. Even as Tom takes his first steps towards retirement, he has decided to pass the torch to Janan Sutherland [&hellip;]","og_url":"https:\/\/mendenazer.org\/tom-hoyem\/","og_site_name":"Mende Nazer Foundation","article_modified_time":"2025-10-15T12:34:02+00:00","twitter_card":"summary_large_image","twitter_misc":{"Est. reading time":"5 minutes"},"schema":{"@context":"https:\/\/schema.org","@graph":[{"@type":"WebPage","@id":"https:\/\/mendenazer.org\/tom-hoyem\/","url":"https:\/\/mendenazer.org\/tom-hoyem\/","name":"Tom H\u00f8yem - Mende Nazer Foundation","isPartOf":{"@id":"https:\/\/mendenazer.org\/en\/#website"},"datePublished":"2024-05-22T15:13:38+00:00","dateModified":"2025-10-15T12:34:02+00:00","breadcrumb":{"@id":"https:\/\/mendenazer.org\/tom-hoyem\/#breadcrumb"},"inLanguage":"en-US","potentialAction":[{"@type":"ReadAction","target":["https:\/\/mendenazer.org\/tom-hoyem\/"]}]},{"@type":"BreadcrumbList","@id":"https:\/\/mendenazer.org\/tom-hoyem\/#breadcrumb","itemListElement":[{"@type":"ListItem","position":1,"name":"Startseite","item":"https:\/\/mendenazer.org\/en\/"},{"@type":"ListItem","position":2,"name":"Tom H\u00f8yem"}]},{"@type":"WebSite","@id":"https:\/\/mendenazer.org\/en\/#website","url":"https:\/\/mendenazer.org\/en\/","name":"Mende Nazer Foundation","description":"","publisher":{"@id":"https:\/\/mendenazer.org\/en\/#organization"},"potentialAction":[{"@type":"SearchAction","target":{"@type":"EntryPoint","urlTemplate":"https:\/\/mendenazer.org\/en\/?s={search_term_string}"},"query-input":{"@type":"PropertyValueSpecification","valueRequired":true,"valueName":"search_term_string"}}],"inLanguage":"en-US"},{"@type":"Organization","@id":"https:\/\/mendenazer.org\/en\/#organization","name":"Mende Nazer Foundation","url":"https:\/\/mendenazer.org\/en\/","logo":{"@type":"ImageObject","inLanguage":"en-US","@id":"https:\/\/mendenazer.org\/en\/#\/schema\/logo\/image\/","url":"https:\/\/mendenazer.org\/wp-content\/uploads\/2024\/02\/MNz_Logo_pfade.png","contentUrl":"https:\/\/mendenazer.org\/wp-content\/uploads\/2024\/02\/MNz_Logo_pfade.png","width":1043,"height":292,"caption":"Mende Nazer Foundation"},"image":{"@id":"https:\/\/mendenazer.org\/en\/#\/schema\/logo\/image\/"}}]}},"campaignId":"","_links":{"self":[{"href":"https:\/\/mendenazer.org\/en\/wp-json\/wp\/v2\/pages\/1313","targetHints":{"allow":["GET"]}}],"collection":[{"href":"https:\/\/mendenazer.org\/en\/wp-json\/wp\/v2\/pages"}],"about":[{"href":"https:\/\/mendenazer.org\/en\/wp-json\/wp\/v2\/types\/page"}],"author":[{"embeddable":true,"href":"https:\/\/mendenazer.org\/en\/wp-json\/wp\/v2\/users\/1"}],"replies":[{"embeddable":true,"href":"https:\/\/mendenazer.org\/en\/wp-json\/wp\/v2\/comments?post=1313"}],"version-history":[{"count":6,"href":"https:\/\/mendenazer.org\/en\/wp-json\/wp\/v2\/pages\/1313\/revisions"}],"predecessor-version":[{"id":27563969,"href":"https:\/\/mendenazer.org\/en\/wp-json\/wp\/v2\/pages\/1313\/revisions\/27563969"}],"wp:attachment":[{"href":"https:\/\/mendenazer.org\/en\/wp-json\/wp\/v2\/media?parent=1313"}],"wp:term":[{"taxonomy":"dipi_cpt_category","embeddable":true,"href":"https:\/\/mendenazer.org\/en\/wp-json\/wp\/v2\/dipi_cpt_category?post=1313"}],"curies":[{"name":"wp","href":"https:\/\/api.w.org\/{rel}","templated":true}]}}